{"id":162,"date":"2021-01-17T15:10:58","date_gmt":"2021-01-17T15:10:58","guid":{"rendered":"https:\/\/tiliapark.hu\/?page_id=162"},"modified":"2023-11-18T10:15:40","modified_gmt":"2023-11-18T10:15:40","slug":"kik-is-vagyunk","status":"publish","type":"page","link":"https:\/\/tiliapark.hu\/?page_id=162","title":{"rendered":"R\u00f3lunk"},"content":{"rendered":"<div data-colibri-id=\"162-c1\" class=\"style-754 style-local-162-c1 position-relative\">\n  <!---->\n  <div data-colibri-component=\"section\" data-colibri-id=\"162-c2\" id=\"custom-2\" class=\"h-section h-section-global-spacing d-flex align-items-lg-center align-items-md-center align-items-center style-1208 style-local-162-c2 position-relative\">\n    <!---->\n    <!---->\n    <div class=\"h-section-grid-container h-section-boxed-container\">\n      <!---->\n      <div data-colibri-id=\"162-c3\" class=\"h-row-container gutters-row-lg-2 gutters-row-md-2 gutters-row-0 gutters-row-v-lg-2 gutters-row-v-md-2 gutters-row-v-2 style-1209 style-local-162-c3 position-relative\">\n        <!---->\n        <div class=\"h-row justify-content-lg-center justify-content-md-center justify-content-center align-items-lg-stretch align-items-md-stretch align-items-stretch gutters-col-lg-2 gutters-col-md-2 gutters-col-0 gutters-col-v-lg-2 gutters-col-v-md-2 gutters-col-v-2\">\n          <!---->\n          <div class=\"h-column h-column-container d-flex h-col-lg-auto h-col-md-auto h-col-auto style-1210-outer style-local-162-c4-outer\">\n            <div data-colibri-id=\"162-c4\" class=\"d-flex h-flex-basis h-column__inner h-px-lg-2 h-px-md-2 h-px-2 v-inner-lg-2 v-inner-md-2 v-inner-2 style-1210 style-local-162-c4 position-relative\">\n              <!---->\n              <!---->\n              <div class=\"w-100 h-y-container h-column__content h-column__v-align flex-basis-100 align-self-lg-start align-self-md-start align-self-start\">\n                <!---->\n                <div data-colibri-id=\"162-c5\" class=\"h-global-transition-all h-heading style-1211 style-local-162-c5 position-relative h-element\">\n                  <!---->\n                  <div class=\"h-heading__outer style-1211 style-local-162-c5\">\n                    <!---->\n                    <!---->\n                    <h3 class=\"\">Azt mondj\u00e1k, aki kertet alkot, az sz\u00e9ps\u00e9get, maradand\u00f3s\u00e1got teremt.<\/h3>\n                  <\/div>\n                <\/div>\n              <\/div>\n            <\/div>\n          <\/div>\n        <\/div>\n      <\/div>\n    <\/div>\n  <\/div>\n  <div data-colibri-component=\"section\" data-colibri-id=\"162-c6\" id=\"custom-4\" class=\"h-section h-section-global-spacing d-flex align-items-lg-center align-items-md-center align-items-center style-1218 style-local-162-c6 position-relative\">\n    <div class=\"background-wrapper\">\n      <div class=\"background-layer background-layer-media-container-lg\">\n        <!---->\n        <div class=\"overlay-layer\">\n          <div class=\"overlay-image-layer\" style=\"background-color: rgb(0, 0, 0); opacity: 0.81;\"><\/div>\n        <\/div>\n      <\/div>\n      <div class=\"background-layer background-layer-media-container-md\">\n        <!---->\n        <div class=\"overlay-layer\">\n          <div class=\"overlay-image-layer\" style=\"background-color: rgb(0, 0, 0); opacity: 0.81;\"><\/div>\n        <\/div>\n      <\/div>\n      <div class=\"background-layer background-layer-media-container\">\n        <!---->\n        <div class=\"overlay-layer\">\n          <div class=\"overlay-image-layer\" style=\"background-color: rgb(0, 0, 0); opacity: 0.81;\"><\/div>\n        <\/div>\n      <\/div>\n    <\/div>\n    <!---->\n    <div class=\"h-section-grid-container h-section-boxed-container\">\n      <!---->\n      <div data-colibri-id=\"162-c7\" class=\"h-row-container gutters-row-lg-2 gutters-row-md-2 gutters-row-0 gutters-row-v-lg-2 gutters-row-v-md-2 gutters-row-v-2 style-1219 style-local-162-c7 position-relative\">\n        <!---->\n        <div class=\"h-row justify-content-lg-center justify-content-md-center justify-content-center align-items-lg-stretch align-items-md-stretch align-items-stretch gutters-col-lg-2 gutters-col-md-2 gutters-col-0 gutters-col-v-lg-2 gutters-col-v-md-2 gutters-col-v-2\">\n          <!---->\n          <div class=\"h-column h-column-container d-flex h-col-lg-auto h-col-md-auto h-col-auto style-1220-outer style-local-162-c8-outer\">\n            <div data-colibri-id=\"162-c8\" class=\"d-flex h-flex-basis h-column__inner h-px-lg-2 h-px-md-2 h-px-2 v-inner-lg-2 v-inner-md-2 v-inner-2 style-1220 style-local-162-c8 position-relative\">\n              <!---->\n              <!---->\n              <div class=\"w-100 h-y-container h-column__content h-column__v-align flex-basis-100 align-self-lg-start align-self-md-start align-self-start\">\n                <!---->\n                <div data-colibri-id=\"162-c9\" class=\"d-block style-1222 style-local-162-c9 position-relative h-element\">\n                  <!---->\n                  <div class=\"h-image__frame-container-outer\">\n                    <div class=\"h-image__frame-container\">\n                      <!---->\n                      <!---->\n                      <img loading=\"lazy\" decoding=\"async\" width=\"1270\" height=\"1269\" src=\"https:\/\/tiliapark.hu\/wp-content\/uploads\/2022\/04\/cropped-ultetes-1.jpg\" class=\"wp-image-3182 style-1222-image style-local-162-c9-image\" alt=\"\" srcset=\"https:\/\/tiliapark.hu\/wp-content\/uploads\/2022\/04\/cropped-ultetes-1.jpg 1270w, https:\/\/tiliapark.hu\/wp-content\/uploads\/2022\/04\/cropped-ultetes-1-300x300.jpg 300w, https:\/\/tiliapark.hu\/wp-content\/uploads\/2022\/04\/cropped-ultetes-1-1024x1024.jpg 1024w, https:\/\/tiliapark.hu\/wp-content\/uploads\/2022\/04\/cropped-ultetes-1-150x150.jpg 150w, https:\/\/tiliapark.hu\/wp-content\/uploads\/2022\/04\/cropped-ultetes-1-768x767.jpg 768w\" sizes=\"(max-width: 1270px) 100vw, 1270px\" \/>\n                      <div class=\"h-image__frame h-hide-lg h-hide-md h-hide-sm style-1222-frameImage style-local-162-c9-frameImage\"><\/div>\n                    <\/div>\n                  <\/div>\n                <\/div>\n              <\/div>\n            <\/div>\n          <\/div>\n          <div class=\"h-column h-column-container d-flex h-col-lg-auto h-col-md-auto h-col-auto style-1221-outer style-local-162-c10-outer\">\n            <div data-colibri-id=\"162-c10\" class=\"d-flex h-flex-basis h-column__inner h-px-lg-2 h-px-md-2 h-px-2 v-inner-lg-2 v-inner-md-2 v-inner-2 style-1221 style-local-162-c10 position-relative\">\n              <!---->\n              <!---->\n              <div class=\"w-100 h-y-container h-column__content h-column__v-align flex-basis-100 align-self-lg-start align-self-md-start align-self-start\">\n                <!---->\n                <div data-colibri-id=\"162-c11\" class=\"h-global-transition-all h-heading style-1215 style-local-162-c11 position-relative h-element\">\n                  <!---->\n                  <div class=\"h-heading__outer style-1215 style-local-162-c11\">\n                    <!---->\n                    <!---->\n                    <h5 class=\"\">V\u00e1llalkoz\u00e1sunk t\u00f6bb \u00e9vtizedes tapasztalat\u00e1val \u00e9s szak\u00e9rtelm\u00e9vel szeretn\u00e9 kiszolg\u00e1lni \u00fcgyfelei ig\u00e9ny\u00e9t.\n                      <br>\n                      <br>Legyen sz\u00f3 csal\u00e1di h\u00e1z kertj\u00e9nek megtervez\u00e9s\u00e9r\u0151l, kivitelez\u00e9s\u00e9r\u0151l, esetleg ipari parkok z\u00f6ldfel\u00fcleteinek karbantart\u00e1s\u00e1r\u00f3l vagy k\u00f6zterek parkjainak karbantart\u00e1s\u00e1r\u00f3l- \u00e1llunk megrendel\u0151ink rendelkez\u00e9s\u00e9re.\n                      <br>\n                      <br>F\u0151 profilunk a kerttervez\u00e9s-kert\u00e9p\u00edt\u00e9s. automata \u00f6nt\u00f6z\u0151rendszerek telep\u00edt\u00e9se, t\u0151zeges f\u0171vet\u00e9s, gyepsz\u0151nyeg lefektet\u00e9se, tov\u00e1bb\u00e1 v\u00e1llaljuk kertek \u00e9s parkok tervez\u00e9s\u00e9t, fenntart\u00e1s\u00e1t-gondoz\u00e1s\u00e1t.\n                      <br>\n                      <br>Folyamatosan b\u0151v\u00fcl\u0151 g\u00e9pparkkal, min\u0151s\u00e9gi alapanyagokkal dolgozunk, ami hossz\u00fat\u00e1von p\u00e9nzt \u00e9s id\u0151t sp\u00f3rol meg \u00fcgyfeleinknek.<\/h5>\n                  <\/div>\n                <\/div>\n                <div data-colibri-id=\"162-c12\" class=\"h-x-container style-1225 style-local-162-c12 position-relative h-element\">\n                  <!---->\n                  <div class=\"h-x-container-inner style-dynamic-162-c12-group style-1225-spacing style-local-162-c12-spacing\"><span class=\"h-button__outer style-1226-outer style-local-162-c13-outer d-inline-flex h-element\"><a h-use-smooth-scroll=\"true\" href=\"https:\/\/tiliapark.hu\/?page_id=168\"  data-colibri-id=\"162-c13\" class=\"d-flex w-100 align-items-center h-button justify-content-lg-center justify-content-md-center justify-content-center style-1226 style-local-162-c13 position-relative\"><!----><!----> <span>Kapcsolat<\/span><\/a>\n                    <\/span><span class=\"h-button__outer style-1226-outer style-local-162-c14-outer d-inline-flex h-element\"><a h-use-smooth-scroll=\"true\" href=\"https:\/\/tiliapark.hu\/?page_id=1782\"  data-colibri-id=\"162-c14\" class=\"d-flex w-100 align-items-center h-button justify-content-lg-center justify-content-md-center justify-content-center style-1226 style-local-162-c14 position-relative\"><!----><!----> <span>Gal\u00e9ria<\/span><\/a>\n                    <\/span>\n                  <\/div>\n                <\/div>\n              <\/div>\n            <\/div>\n          <\/div>\n        <\/div>\n      <\/div>\n      <div data-colibri-id=\"162-c15\" class=\"h-row-container gutters-row-lg-2 gutters-row-md-2 gutters-row-0 gutters-row-v-lg-2 gutters-row-v-md-2 gutters-row-v-2 style-1223 style-local-162-c15 position-relative\">\n        <!---->\n        <div class=\"h-row justify-content-lg-center justify-content-md-center justify-content-center align-items-lg-stretch align-items-md-stretch align-items-stretch gutters-col-lg-2 gutters-col-md-2 gutters-col-0 gutters-col-v-lg-2 gutters-col-v-md-2 gutters-col-v-2\">\n          <!---->\n          <div class=\"h-column h-column-container d-flex h-col-lg-auto h-col-md-auto h-col-auto style-1224-outer style-local-162-c16-outer\">\n            <div data-colibri-id=\"162-c16\" class=\"d-flex h-flex-basis h-column__inner h-ui-empty-state-container h-px-lg-2 h-px-md-2 h-px-2 v-inner-lg-2 v-inner-md-2 v-inner-2 style-1224 style-local-162-c16 position-relative\">\n              <!---->\n              <!---->\n              <div class=\"w-100 h-y-container h-column__content h-column__v-align flex-basis-100\">\n                <!---->\n              <\/div>\n            <\/div>\n          <\/div>\n        <\/div>\n      <\/div>\n    <\/div>\n  <\/div>\n<\/div>","protected":false},"excerpt":{"rendered":"<p>Azt mondj\u00e1k, aki kertet alkot, az sz\u00e9ps\u00e9get, maradand\u00f3s\u00e1got teremt. V\u00e1llalkoz\u00e1sunk t\u00f6bb \u00e9vtizedes tapasztalat\u00e1val \u00e9s szak\u00e9rtelm\u00e9vel szeretn\u00e9 kiszolg\u00e1lni \u00fcgyfelei ig\u00e9ny\u00e9t. Legyen sz\u00f3 csal\u00e1di h\u00e1z kertj\u00e9nek megtervez\u00e9s\u00e9r\u0151l, kivitelez\u00e9s\u00e9r\u0151l, esetleg ipari parkok z\u00f6ldfel\u00fcleteinek karbantart\u00e1s\u00e1r\u00f3l vagy k\u00f6zterek parkjainak karbantart\u00e1s\u00e1r\u00f3l- \u00e1llunk megrendel\u0151ink rendelkez\u00e9s\u00e9re. F\u0151 profilunk a kerttervez\u00e9s-kert\u00e9p\u00edt\u00e9s. automata \u00f6nt\u00f6z\u0151rendszerek telep\u00edt\u00e9se, t\u0151zeges f\u0171vet\u00e9s, gyepsz\u0151nyeg lefektet\u00e9se, tov\u00e1bb\u00e1 v\u00e1llaljuk kertek \u00e9s parkok tervez\u00e9s\u00e9t, [&hellip;]<\/p>\n","protected":false},"author":1,"featured_media":0,"parent":0,"menu_order":0,"comment_status":"closed","ping_status":"closed","template":"page-templates\/full-width-page.php","meta":{"footnotes":""},"_links":{"self":[{"href":"https:\/\/tiliapark.hu\/index.php?rest_route=\/wp\/v2\/pages\/162"}],"collection":[{"href":"https:\/\/tiliapark.hu\/index.php?rest_route=\/wp\/v2\/pages"}],"about":[{"href":"https:\/\/tiliapark.hu\/index.php?rest_route=\/wp\/v2\/types\/page"}],"author":[{"embeddable":true,"href":"https:\/\/tiliapark.hu\/index.php?rest_route=\/wp\/v2\/users\/1"}],"replies":[{"embeddable":true,"href":"https:\/\/tiliapark.hu\/index.php?rest_route=%2Fwp%2Fv2%2Fcomments&post=162"}],"version-history":[{"count":20,"href":"https:\/\/tiliapark.hu\/index.php?rest_route=\/wp\/v2\/pages\/162\/revisions"}],"predecessor-version":[{"id":3219,"href":"https:\/\/tiliapark.hu\/index.php?rest_route=\/wp\/v2\/pages\/162\/revisions\/3219"}],"wp:attachment":[{"href":"https:\/\/tiliapark.hu\/index.php?rest_route=%2Fwp%2Fv2%2Fmedia&parent=162"}],"curies":[{"name":"wp","href":"https:\/\/api.w.org\/{rel}","templated":true}]}}