{"id":171,"date":"2021-01-17T15:26:27","date_gmt":"2021-01-17T15:26:27","guid":{"rendered":"https:\/\/tiliapark.hu\/?page_id=171"},"modified":"2023-11-18T10:15:40","modified_gmt":"2023-11-18T10:15:40","slug":"szolgaltatasaink","status":"publish","type":"page","link":"https:\/\/tiliapark.hu\/?page_id=171","title":{"rendered":"Szolg\u00e1ltat\u00e1saink"},"content":{"rendered":"<div data-colibri-id=\"171-c1\" class=\"style-780 style-local-171-c1 position-relative\">\n  <!---->\n  <div data-colibri-component=\"section\" data-colibri-id=\"171-c44\" id=\"overlappable\" class=\"h-section h-section-global-spacing d-flex align-items-lg-center align-items-md-center align-items-center style-1227 style-local-171-c44 position-relative\">\n    <!---->\n    <!---->\n    <div class=\"h-section-grid-container h-section-boxed-container\">\n      <div data-colibri-id=\"171-c58\" class=\"h-row-container gutters-row-lg-2 gutters-row-md-2 gutters-row-0 gutters-row-v-lg-2 gutters-row-v-md-2 gutters-row-v-2 style-1236 style-local-171-c58 position-relative\">\n        <!---->\n        <div class=\"h-row justify-content-lg-center justify-content-md-center justify-content-center align-items-lg-stretch align-items-md-stretch align-items-stretch gutters-col-lg-2 gutters-col-md-2 gutters-col-0 gutters-col-v-lg-2 gutters-col-v-md-2 gutters-col-v-2\">\n          <!---->\n          <div class=\"h-column h-column-container d-flex h-col-lg-auto h-col-md-auto h-col-auto style-1237-outer style-local-171-c59-outer\">\n            <div data-colibri-id=\"171-c59\" class=\"d-flex h-flex-basis h-column__inner h-px-lg-2 h-px-md-2 h-px-2 v-inner-lg-2 v-inner-md-2 v-inner-2 style-1237 style-local-171-c59 position-relative\">\n              <!---->\n              <!---->\n              <div class=\"w-100 h-y-container h-column__content h-column__v-align flex-basis-100 align-self-lg-start align-self-md-start align-self-start\">\n                <!---->\n                <div data-colibri-id=\"171-c60\" class=\"h-global-transition-all h-heading style-1238 style-local-171-c60 position-relative h-element\">\n                  <!---->\n                  <div class=\"h-heading__outer style-1238 style-local-171-c60\">\n                    <!---->\n                    <!---->\n                    <h2 class=\"\">Szolg\u00e1ltat\u00e1saink<\/h2>\n                  <\/div>\n                <\/div>\n              <\/div>\n            <\/div>\n          <\/div>\n        <\/div>\n      <\/div>\n      <div data-colibri-id=\"171-c45\" class=\"h-row-container gutters-row-lg-0 gutters-row-md-0 gutters-row-0 gutters-row-v-lg-0 gutters-row-v-md-0 gutters-row-v-0 style-1228 style-local-171-c45 position-relative\">\n        <!---->\n        <div class=\"h-row justify-content-lg-center justify-content-md-center justify-content-center align-items-lg-stretch align-items-md-stretch align-items-stretch gutters-col-lg-0 gutters-col-md-0 gutters-col-0 gutters-col-v-lg-0 gutters-col-v-md-0 gutters-col-v-0\">\n          <!---->\n          <div class=\"h-column h-column-container d-flex h-col-lg-auto h-col-md-auto h-col-auto style-1229-outer style-local-171-c46-outer h-hide-sm\">\n            <div data-colibri-id=\"171-c46\" class=\"d-flex h-flex-basis h-column__inner h-ui-empty-state-container h-px-lg-0 h-px-md-0 h-px-0 v-inner-lg-0 v-inner-md-0 v-inner-0 style-1229 style-local-171-c46 h-hide-sm position-relative\">\n              <div class=\"background-wrapper\">\n                <div class=\"background-layer background-layer-media-container-lg\">\n                  <!---->\n                  <div class=\"overlay-layer\">\n                    <div class=\"overlay-image-layer\" style=\"background-color: rgb(0, 0, 0); opacity: 0.15;\"><\/div>\n                  <\/div>\n                <\/div>\n                <div class=\"background-layer background-layer-media-container-md\">\n                  <!---->\n                  <div class=\"overlay-layer\">\n                    <div class=\"overlay-image-layer\" style=\"background-color: rgb(0, 0, 0); opacity: 0.15;\"><\/div>\n                  <\/div>\n                <\/div>\n                <div class=\"background-layer background-layer-media-container\">\n                  <!---->\n                  <div class=\"overlay-layer\">\n                    <div class=\"overlay-image-layer\" style=\"background-color: rgb(0, 0, 0); opacity: 0.15;\"><\/div>\n                  <\/div>\n                <\/div>\n              <\/div>\n              <!---->\n              <div class=\"w-100 h-y-container h-column__content h-column__v-align flex-basis-100\">\n                <!---->\n              <\/div>\n            <\/div>\n          <\/div>\n          <div class=\"h-column h-column-container d-flex h-col-lg-auto h-col-md-auto h-col-auto style-1230-outer style-local-171-c47-outer\">\n            <div data-colibri-id=\"171-c47\" class=\"d-flex h-flex-basis h-column__inner h-px-lg-2 h-px-md-2 h-px-2 v-inner-lg-2 v-inner-md-2 v-inner-2 style-1230 style-local-171-c47 position-relative\">\n              <!---->\n              <!---->\n              <div class=\"w-100 h-y-container h-column__content h-column__v-align flex-basis-100 align-self-lg-center align-self-md-center align-self-center\">\n                <!---->\n                <div data-colibri-id=\"171-c48\" class=\"h-global-transition-all h-heading style-1231 style-local-171-c48 position-relative h-element\">\n                  <!---->\n                  <div class=\"h-heading__outer style-1231 style-local-171-c48\">\n                    <!---->\n                    <!---->\n                    <h4 class=\"\"><span style=\"font-family: Montserrat;\">Parkfenntart\u00e1s<\/span><\/h4>\n                  <\/div>\n                <\/div>\n                <div data-colibri-id=\"171-c49\" class=\"h-text h-text-component style-1232 style-local-171-c49 position-relative h-element\">\n                  <!---->\n                  <!---->\n                  <div class=\"\">\n                    <p><span style=\"font-weight: 400; font-size: 16px; font-family: Montserrat; color: rgb(0, 0, 0);\">V\u00e1rosi- \u00e9s ipari parkok, mag\u00e1nkertek gondoz\u00e1sa.<\/span><span style=\"font-family: Montserrat;\"><br><\/span><span style=\"font-weight: 400; font-size: 16px; font-family: Montserrat; color: rgb(0, 0, 0);\">automata \u00f6nt\u00f6z\u0151rendszerek karbantart\u00e1sa, n\u00f6v\u00e9ny\u00e1pol\u00e1s szezon\u00e1lis kert\u00e9szeti munk\u00e1k<\/span><\/p>\n                  <\/div>\n                <\/div>\n                <div data-colibri-id=\"171-c50\" class=\"h-x-container style-1233 style-local-171-c50 position-relative h-element\">\n                  <!---->\n                  <div class=\"h-x-container-inner style-dynamic-171-c50-group style-1233-spacing style-local-171-c50-spacing\"><span class=\"h-button__outer style-1234-outer style-local-171-c51-outer d-inline-flex h-element\"><a h-use-smooth-scroll=\"true\" href=\"https:\/\/tiliapark.hu\/?page_id=359\"  data-colibri-id=\"171-c51\" class=\"d-flex w-100 align-items-center h-button justify-content-lg-center justify-content-md-center justify-content-center style-1234 style-local-171-c51 position-relative\"><!----><!----> <span>Tov\u00e1bb<\/span><\/a>\n                    <\/span>\n                  <\/div>\n                <\/div>\n              <\/div>\n            <\/div>\n          <\/div>\n          <div class=\"h-column h-column-container d-flex h-col-lg-auto h-col-md-auto h-col-auto style-1230-outer style-local-171-c52-outer\">\n            <div data-colibri-id=\"171-c52\" class=\"d-flex h-flex-basis h-column__inner h-px-lg-2 h-px-md-2 h-px-2 v-inner-lg-2 v-inner-md-2 v-inner-2 style-1230 style-local-171-c52 position-relative\">\n              <!---->\n              <!---->\n              <div class=\"w-100 h-y-container h-column__content h-column__v-align flex-basis-100 align-self-lg-center align-self-md-center align-self-center\">\n                <!---->\n                <div data-colibri-id=\"171-c53\" class=\"h-global-transition-all h-heading style-1231 style-local-171-c53 position-relative h-element\">\n                  <!---->\n                  <div class=\"h-heading__outer style-1231 style-local-171-c53\">\n                    <!---->\n                    <!---->\n                    <h4 class=\"\"><span style=\"font-family: Montserrat;\">Kert\u00e9p\u00edt\u00e9s<\/span><\/h4>\n                  <\/div>\n                <\/div>\n                <div data-colibri-id=\"171-c54\" class=\"h-text h-text-component style-1232 style-local-171-c54 position-relative h-element\">\n                  <!---->\n                  <!---->\n                  <div class=\"\">\n                    <p><span style=\"font-weight: 400; font-size: 16px; font-family: Montserrat; color: rgb(0, 0, 0);\">Parkok \u00e9s kertek \u00e1talak\u00edt\u00e1sa, gondoz\u00e1sa,<\/span><span style=\"font-family: Montserrat;\"><br><\/span><span style=\"font-family: Montserrat; font-weight: 400; font-size: 16px; color: rgb(0, 0, 0);\">szak\u00e9rt\u0151i tan\u00e1csad\u00e1s, Automata \u00f6nt\u00f6z\u0151rendszer tervez\u00e9se, kivitelez\u00e9se,&nbsp;&nbsp;F\u0171telep\u00edt\u00e9s, N\u00f6v\u00e9nykult\u00far\u00e1k kiv\u00e1laszt\u00e1sa<\/span><\/p>\n                  <\/div>\n                <\/div>\n                <div data-colibri-id=\"171-c55\" class=\"h-x-container style-1233 style-local-171-c55 position-relative h-element\">\n                  <!---->\n                  <div class=\"h-x-container-inner style-dynamic-171-c55-group style-1233-spacing style-local-171-c55-spacing\"><span class=\"h-button__outer style-1234-outer style-local-171-c56-outer d-inline-flex h-element\"><a h-use-smooth-scroll=\"true\" href=\"https:\/\/tiliapark.hu\/?page_id=361\"  data-colibri-id=\"171-c56\" class=\"d-flex w-100 align-items-center h-button justify-content-lg-center justify-content-md-center justify-content-center style-1234 style-local-171-c56 position-relative\"><!----><!----> <span>Tov\u00e1bb<\/span><\/a>\n                    <\/span>\n                  <\/div>\n                <\/div>\n              <\/div>\n            <\/div>\n          <\/div>\n          <div class=\"h-column h-column-container d-flex h-col-lg-auto h-col-md-auto h-col-auto style-1235-outer style-local-171-c64-outer\">\n            <div data-colibri-id=\"171-c64\" class=\"d-flex h-flex-basis h-column__inner h-ui-empty-state-container h-px-lg-0 h-px-md-0 h-px-0 v-inner-lg-0 v-inner-md-0 v-inner-0 style-1235 style-local-171-c64 position-relative\">\n              <!---->\n              <!---->\n              <div class=\"w-100 h-y-container h-column__content h-column__v-align flex-basis-100\">\n                <!---->\n              <\/div>\n            <\/div>\n          <\/div>\n          <div class=\"h-column h-column-container d-flex h-col-lg-auto h-col-md-auto h-col-auto style-1245-outer style-local-171-c74-outer h-hide-sm\">\n            <div data-colibri-id=\"171-c74\" class=\"d-flex h-flex-basis h-column__inner h-ui-empty-state-container h-px-lg-2 h-px-md-2 h-px-2 v-inner-lg-2 v-inner-md-2 v-inner-2 style-1245 style-local-171-c74 h-hide-sm position-relative\">\n              <!---->\n              <!---->\n              <div class=\"w-100 h-y-container h-column__content h-column__v-align flex-basis-100\">\n                <!---->\n              <\/div>\n            <\/div>\n          <\/div>\n          <div class=\"h-column h-column-container d-flex h-col-lg-auto h-col-md-auto h-col-auto style-1230-outer style-local-171-c69-outer\">\n            <div data-colibri-id=\"171-c69\" class=\"d-flex h-flex-basis h-column__inner h-px-lg-2 h-px-md-2 h-px-2 v-inner-lg-2 v-inner-md-2 v-inner-2 style-1230 style-local-171-c69 position-relative\">\n              <!---->\n              <!---->\n              <div class=\"w-100 h-y-container h-column__content h-column__v-align flex-basis-100 align-self-lg-center align-self-md-center align-self-center\">\n                <!---->\n                <div data-colibri-id=\"171-c70\" class=\"h-global-transition-all h-heading style-1231 style-local-171-c70 position-relative h-element\">\n                  <!---->\n                  <div class=\"h-heading__outer style-1231 style-local-171-c70\">\n                    <!---->\n                    <!---->\n                    <h4 class=\"\"><span style=\"font-family: Montserrat;\">\u00c9p\u00fclet bont\u00e1s, g\u00e9pi f\u00f6ldmunka<\/span><\/h4>\n                  <\/div>\n                <\/div>\n                <div data-colibri-id=\"171-c71\" class=\"h-text h-text-component style-1232 style-local-171-c71 position-relative h-element\">\n                  <!---->\n                  <!---->\n                  <div class=\"\">\n                    <p><span style=\"color: rgb(23, 37, 42); font-family: Montserrat; font-size: 16px; font-weight: 400;\">F\u00f6ldter\u00edt\u00e9s, f\u00f6ldbehord\u00e1s, \u00e1rok\u00e1s\u00e1s, K\u00e1bel\u00e1rok \u00e9s g\u00f6d\u00f6r \u00e1s\u00e1s, tereprendez\u00e9s, Sz\u0171k ter\u00fcleteken v\u00e9gzett f\u00f6ldmunk\u00e1k, \u00c9p\u00fcletek, csarnokok bont\u00e1sa, G\u00e9pi kont\u00e9ner pakol\u00e1s<\/span><\/p>\n                  <\/div>\n                <\/div>\n                <div data-colibri-id=\"171-c72\" class=\"h-x-container style-1243 style-local-171-c72 position-relative h-element\">\n                  <!---->\n                  <div class=\"h-x-container-inner style-dynamic-171-c72-group style-1243-spacing style-local-171-c72-spacing\"><span class=\"h-button__outer style-1234-outer style-local-171-c73-outer d-inline-flex h-element\"><a h-use-smooth-scroll=\"true\" href=\"https:\/\/tiliapark.hu\/?page_id=1932\"  data-colibri-id=\"171-c73\" class=\"d-flex w-100 align-items-center h-button justify-content-lg-center justify-content-md-center justify-content-center style-1234 style-local-171-c73 position-relative\"><!----><!----> <span>TOV\u00c1BB<\/span><\/a>\n                    <\/span>\n                  <\/div>\n                <\/div>\n              <\/div>\n            <\/div>\n          <\/div>\n        <\/div>\n      <\/div>\n    <\/div>\n  <\/div>\n<\/div>","protected":false},"excerpt":{"rendered":"<p>Szolg\u00e1ltat\u00e1saink Parkfenntart\u00e1s V\u00e1rosi- \u00e9s ipari parkok, mag\u00e1nkertek gondoz\u00e1sa.automata \u00f6nt\u00f6z\u0151rendszerek karbantart\u00e1sa, n\u00f6v\u00e9ny\u00e1pol\u00e1s szezon\u00e1lis kert\u00e9szeti munk\u00e1k Tov\u00e1bb Kert\u00e9p\u00edt\u00e9s Parkok \u00e9s kertek \u00e1talak\u00edt\u00e1sa, gondoz\u00e1sa,szak\u00e9rt\u0151i tan\u00e1csad\u00e1s, Automata \u00f6nt\u00f6z\u0151rendszer tervez\u00e9se, kivitelez\u00e9se,&nbsp;&nbsp;F\u0171telep\u00edt\u00e9s, N\u00f6v\u00e9nykult\u00far\u00e1k kiv\u00e1laszt\u00e1sa Tov\u00e1bb \u00c9p\u00fclet bont\u00e1s, g\u00e9pi f\u00f6ldmunka F\u00f6ldter\u00edt\u00e9s, f\u00f6ldbehord\u00e1s, \u00e1rok\u00e1s\u00e1s, K\u00e1bel\u00e1rok \u00e9s g\u00f6d\u00f6r \u00e1s\u00e1s, tereprendez\u00e9s, Sz\u0171k ter\u00fcleteken v\u00e9gzett f\u00f6ldmunk\u00e1k, \u00c9p\u00fcletek, csarnokok bont\u00e1sa, G\u00e9pi kont\u00e9ner pakol\u00e1s TOV\u00c1BB<\/p>\n","protected":false},"author":1,"featured_media":0,"parent":0,"menu_order":0,"comment_status":"closed","ping_status":"closed","template":"page-templates\/full-width-page.php","meta":{"footnotes":""},"_links":{"self":[{"href":"https:\/\/tiliapark.hu\/index.php?rest_route=\/wp\/v2\/pages\/171"}],"collection":[{"href":"https:\/\/tiliapark.hu\/index.php?rest_route=\/wp\/v2\/pages"}],"about":[{"href":"https:\/\/tiliapark.hu\/index.php?rest_route=\/wp\/v2\/types\/page"}],"author":[{"embeddable":true,"href":"https:\/\/tiliapark.hu\/index.php?rest_route=\/wp\/v2\/users\/1"}],"replies":[{"embeddable":true,"href":"https:\/\/tiliapark.hu\/index.php?rest_route=%2Fwp%2Fv2%2Fcomments&post=171"}],"version-history":[{"count":20,"href":"https:\/\/tiliapark.hu\/index.php?rest_route=\/wp\/v2\/pages\/171\/revisions"}],"predecessor-version":[{"id":3223,"href":"https:\/\/tiliapark.hu\/index.php?rest_route=\/wp\/v2\/pages\/171\/revisions\/3223"}],"wp:attachment":[{"href":"https:\/\/tiliapark.hu\/index.php?rest_route=%2Fwp%2Fv2%2Fmedia&parent=171"}],"curies":[{"name":"wp","href":"https:\/\/api.w.org\/{rel}","templated":true}]}}