{"id":361,"date":"2021-01-29T08:48:48","date_gmt":"2021-01-29T08:48:48","guid":{"rendered":"https:\/\/tiliapark.hu\/?page_id=361"},"modified":"2023-11-18T10:15:40","modified_gmt":"2023-11-18T10:15:40","slug":"parkfenntartas-2","status":"publish","type":"page","link":"https:\/\/tiliapark.hu\/?page_id=361","title":{"rendered":"Park-, \u00e9s kert\u00e9p\u00edt\u00e9s"},"content":{"rendered":"<div data-colibri-id=\"361-c1\" class=\"style-938 style-local-361-c1 position-relative\">\n  <!---->\n  <div data-colibri-component=\"section\" data-colibri-id=\"361-c8\" id=\"reusable-sections\" class=\"h-section h-section-global-spacing d-flex align-items-lg-center align-items-md-center align-items-center style-1283 style-local-361-c8 position-relative\">\n    <!---->\n    <!---->\n    <div class=\"h-section-grid-container h-section-boxed-container\">\n      <!---->\n      <div data-colibri-id=\"361-c9\" class=\"h-row-container gutters-row-lg-2 gutters-row-md-2 gutters-row-0 gutters-row-v-lg-2 gutters-row-v-md-2 gutters-row-v-2 style-1284 style-local-361-c9 position-relative\">\n        <!---->\n        <div class=\"h-row justify-content-lg-center justify-content-md-center justify-content-center align-items-lg-stretch align-items-md-stretch align-items-stretch gutters-col-lg-2 gutters-col-md-2 gutters-col-0 gutters-col-v-lg-2 gutters-col-v-md-2 gutters-col-v-2\">\n          <!---->\n          <div class=\"h-column h-column-container d-flex h-col-lg-auto h-col-md-auto h-col-auto style-1285-outer style-local-361-c10-outer\">\n            <div data-colibri-id=\"361-c10\" class=\"d-flex h-flex-basis h-column__inner h-px-lg-2 h-px-md-2 h-px-2 v-inner-lg-2 v-inner-md-2 v-inner-2 style-1285 style-local-361-c10 position-relative\">\n              <!---->\n              <!---->\n              <div class=\"w-100 h-y-container h-column__content h-column__v-align flex-basis-100 align-self-lg-start align-self-md-start align-self-start\">\n                <!---->\n                <div data-colibri-id=\"361-c11\" class=\"h-global-transition-all h-heading style-1286 style-local-361-c11 position-relative h-element\">\n                  <!---->\n                  <div class=\"h-heading__outer style-1286 style-local-361-c11\">\n                    <!---->\n                    <!---->\n                    <h1 class=\"\">Park-, \u00e9s kert\u00e9p\u00edt\u00e9s<\/h1>\n                  <\/div>\n                <\/div>\n              <\/div>\n            <\/div>\n          <\/div>\n        <\/div>\n      <\/div>\n    <\/div>\n  <\/div>\n  <div data-colibri-component=\"section\" data-colibri-id=\"361-c12\" id=\"reusable-sections-2\" class=\"h-section h-section-global-spacing d-flex align-items-lg-center align-items-md-center align-items-center style-1287 style-local-361-c12 position-relative\">\n    <div class=\"background-wrapper\">\n      <div class=\"background-layer background-layer-media-container-lg\">\n        <!---->\n        <div class=\"overlay-layer\">\n          <div class=\"overlay-image-layer\" style=\"background-color: rgb(0, 0, 0); opacity: 0.5;\"><\/div>\n        <\/div>\n      <\/div>\n      <div class=\"background-layer background-layer-media-container-md\">\n        <!---->\n        <div class=\"overlay-layer\">\n          <div class=\"overlay-image-layer\" style=\"background-color: rgb(0, 0, 0); opacity: 0.5;\"><\/div>\n        <\/div>\n      <\/div>\n      <div class=\"background-layer background-layer-media-container\">\n        <!---->\n        <div class=\"overlay-layer\">\n          <div class=\"overlay-image-layer\" style=\"background-color: rgb(0, 0, 0); opacity: 0.5;\"><\/div>\n        <\/div>\n      <\/div>\n    <\/div>\n    <!---->\n    <div class=\"h-section-grid-container h-section-boxed-container\">\n      <!---->\n      <div data-colibri-id=\"361-c13\" class=\"h-row-container gutters-row-lg-2 gutters-row-md-2 gutters-row-0 gutters-row-v-lg-2 gutters-row-v-md-2 gutters-row-v-2 style-1288 style-local-361-c13 position-relative\">\n        <!---->\n        <div class=\"h-row justify-content-lg-center justify-content-md-center justify-content-center align-items-lg-stretch align-items-md-stretch align-items-stretch gutters-col-lg-2 gutters-col-md-2 gutters-col-0 gutters-col-v-lg-2 gutters-col-v-md-2 gutters-col-v-2\">\n          <!---->\n          <div class=\"h-column h-column-container d-flex h-col-lg-auto h-col-md-auto h-col-auto style-1289-outer style-local-361-c14-outer\">\n            <div data-colibri-id=\"361-c14\" class=\"d-flex h-flex-basis h-column__inner h-px-lg-2 h-px-md-2 h-px-2 v-inner-lg-2 v-inner-md-2 v-inner-2 style-1289 style-local-361-c14 position-relative\">\n              <!---->\n              <!---->\n              <div class=\"w-100 h-y-container h-column__content h-column__v-align flex-basis-100 align-self-lg-start align-self-md-start align-self-start\">\n                <!---->\n                <div data-colibri-id=\"361-c15\" class=\"h-global-transition-all h-heading style-1290 style-local-361-c15 position-relative h-element\">\n                  <!---->\n                  <div class=\"h-heading__outer style-1290 style-local-361-c15\">\n                    <!---->\n                    <!---->\n                    <h4 class=\"\">Tudatosan megtervezett kerttel, figyelembe v\u00e9ve h\u00e1za st\u00edlus\u00e1t, a ter\u00fclet adotts\u00e1gait, sok bossz\u00fas\u00e1gt\u00f3l megk\u00edm\u00e9lheti mag\u00e1t, ha seg\u00edts\u00e9g\u00fcnket k\u00e9ri szaktan\u00e1csad\u00e1ssal \u00e1llunk rendelkez\u00e9s\u00e9re. A kert funkci\u00f3j\u00e1n t\u00fal, figyel\u00fcnk arra is, hogy\n                      a be\u00fcltetett n\u00f6v\u00e9nyek j\u00f3l megf\u00e9rjenek egym\u00e1s mellett, az id\u0151 m\u00fal\u00e1s\u00e1val is.\n                      <br>\n                      <br>A ter\u00fclet felm\u00e9r\u00e9s\u00e9t k\u00f6vet\u0151en az automata \u00f6nt\u00f6z\u0151rendszer telep\u00edt\u00e9s ut\u00e1n, ha f\u00fcves\u00edt\u00e9sre ker\u00fcl sor, v\u00e1llalunk gyepsz\u0151nyegez\u00e9st, hidrovet\u00e9st illetve t\u0151zeges f\u0171vet\u00e9st .\n                      <br>\n                      <br><em>,,Felt\u00e9tlen legyen a kertedben -ha lesz kerted- t\u00f6bbf\u00e9le \u00f6r\u00f6kz\u00f6ld, feny\u0151 \u00e9s bab\u00e9rmeggy, tov\u00e1bb\u00e1 olajf\u0171z, orgona, aranyes\u0151, bent pedig hibiszkusz, leander.{\u2026} Id\u0151vel r\u00e1 fogsz j\u00f6nni, micsoda hatalmas fel\u00fclm\u00falhatatlan \u00e9lm\u00e9ny, hogy v\u00e9gre egy \u00e9l\u0151l\u00e9ny, ami nem besz\u00e9l, \u00e1m megh\u00e1l\u00e1lja gondoskod\u00f3 bizalmadat: \u00faj hajt\u00e1st hoz, vir\u00e1gzik neked. ,,(Keresztesy T.)<\/em><\/h4>\n                  <\/div>\n                <\/div>\n              <\/div>\n            <\/div>\n          <\/div>\n        <\/div>\n      <\/div>\n      <div data-colibri-id=\"361-c16\" class=\"h-row-container gutters-row-lg-2 gutters-row-md-2 gutters-row-0 gutters-row-v-lg-2 gutters-row-v-md-2 gutters-row-v-2 style-1291 style-local-361-c16 position-relative\">\n        <!---->\n        <div class=\"h-row justify-content-lg-center justify-content-md-center justify-content-center align-items-lg-stretch align-items-md-stretch align-items-stretch gutters-col-lg-2 gutters-col-md-2 gutters-col-0 gutters-col-v-lg-2 gutters-col-v-md-2 gutters-col-v-2\">\n          <!---->\n          <div class=\"h-column h-column-container d-flex h-col-lg-auto h-col-md-auto h-col-auto style-1292-outer style-local-361-c17-outer\">\n            <div data-colibri-id=\"361-c17\" class=\"d-flex h-flex-basis h-column__inner h-px-lg-2 h-px-md-2 h-px-2 v-inner-lg-2 v-inner-md-2 v-inner-2 style-1292 style-local-361-c17 position-relative\">\n              <!---->\n              <!---->\n              <div class=\"w-100 h-y-container h-column__content h-column__v-align flex-basis-100 align-self-lg-start align-self-md-start align-self-start\">\n                <!---->\n                <div data-colibri-id=\"361-c18\" class=\"h-x-container style-1293 style-local-361-c18 position-relative h-element\">\n                  <!---->\n                  <div class=\"h-x-container-inner style-dynamic-361-c18-group style-1293-spacing style-local-361-c18-spacing\"><span class=\"h-button__outer style-1294-outer style-local-361-c19-outer d-inline-flex h-element\"><a h-use-smooth-scroll=\"true\" href=\"https:\/\/tiliapark.hu\/?page_id=168\"  data-colibri-id=\"361-c19\" class=\"d-flex w-100 align-items-center h-button justify-content-lg-center justify-content-md-center justify-content-center style-1294 style-local-361-c19 position-relative\"><!----><!----> <span>kapcsolat<\/span><\/a>\n                    <\/span>\n                  <\/div>\n                <\/div>\n              <\/div>\n            <\/div>\n          <\/div>\n        <\/div>\n      <\/div>\n    <\/div>\n  <\/div>\n<\/div>","protected":false},"excerpt":{"rendered":"<p>Park-, \u00e9s kert\u00e9p\u00edt\u00e9s Tudatosan megtervezett kerttel, figyelembe v\u00e9ve h\u00e1za st\u00edlus\u00e1t, a ter\u00fclet adotts\u00e1gait, sok bossz\u00fas\u00e1gt\u00f3l megk\u00edm\u00e9lheti mag\u00e1t, ha seg\u00edts\u00e9g\u00fcnket k\u00e9ri szaktan\u00e1csad\u00e1ssal \u00e1llunk rendelkez\u00e9s\u00e9re. A kert funkci\u00f3j\u00e1n t\u00fal, figyel\u00fcnk arra is, hogy a be\u00fcltetett n\u00f6v\u00e9nyek j\u00f3l megf\u00e9rjenek egym\u00e1s mellett, az id\u0151 m\u00fal\u00e1s\u00e1val is. A ter\u00fclet felm\u00e9r\u00e9s\u00e9t k\u00f6vet\u0151en az automata \u00f6nt\u00f6z\u0151rendszer telep\u00edt\u00e9s ut\u00e1n, ha f\u00fcves\u00edt\u00e9sre ker\u00fcl sor, [&hellip;]<\/p>\n","protected":false},"author":1,"featured_media":0,"parent":0,"menu_order":0,"comment_status":"closed","ping_status":"closed","template":"page-templates\/full-width-page.php","meta":{"footnotes":""},"_links":{"self":[{"href":"https:\/\/tiliapark.hu\/index.php?rest_route=\/wp\/v2\/pages\/361"}],"collection":[{"href":"https:\/\/tiliapark.hu\/index.php?rest_route=\/wp\/v2\/pages"}],"about":[{"href":"https:\/\/tiliapark.hu\/index.php?rest_route=\/wp\/v2\/types\/page"}],"author":[{"embeddable":true,"href":"https:\/\/tiliapark.hu\/index.php?rest_route=\/wp\/v2\/users\/1"}],"replies":[{"embeddable":true,"href":"https:\/\/tiliapark.hu\/index.php?rest_route=%2Fwp%2Fv2%2Fcomments&post=361"}],"version-history":[{"count":13,"href":"https:\/\/tiliapark.hu\/index.php?rest_route=\/wp\/v2\/pages\/361\/revisions"}],"predecessor-version":[{"id":3227,"href":"https:\/\/tiliapark.hu\/index.php?rest_route=\/wp\/v2\/pages\/361\/revisions\/3227"}],"wp:attachment":[{"href":"https:\/\/tiliapark.hu\/index.php?rest_route=%2Fwp%2Fv2%2Fmedia&parent=361"}],"curies":[{"name":"wp","href":"https:\/\/api.w.org\/{rel}","templated":true}]}}